{"id":6932,"date":"2023-08-08T13:25:24","date_gmt":"2023-08-08T06:25:24","guid":{"rendered":"https:\/\/quangcaosdc.com\/?page_id=6932"},"modified":"2024-09-12T15:02:45","modified_gmt":"2024-09-12T08:02:45","slug":"cong-ty-quang-cao-sdc-dat-tieu-chuan-sgp-tu-sgs-viet-nam","status":"publish","type":"page","link":"https:\/\/quangcaosdc.vn\/en\/about-sdc\/cong-ty-quang-cao-sdc-dat-tieu-chuan-sgp-tu-sgs-viet-nam\/","title":{"rendered":"Nh\u00e0 m\u00e1y s\u1ea3n xu\u1ea5t c\u1ee7a c\u00f4ng ty Son Decal \u0111\u1ea1t ti\u00eau chu\u1ea9n SGP t\u1eeb t\u1ed5 ch\u1ee9c \u0111\u00e1nh gi\u00e1 SGS"},"content":{"rendered":"<div data-elementor-type=\"wp-page\" data-elementor-id=\"6932\" class=\"elementor elementor-6932\" data-elementor-settings=\"[]\">\n\t\t\t\t\t\t<div class=\"elementor-inner\">\n\t\t\t\t\t\t\t<div class=\"elementor-section-wrap\">\n\t\t\t\t\t\t\t<section class=\"elementor-section elementor-top-section elementor-element elementor-element-01398a8 elementor-section-stretched elementor-section-boxed elementor-section-height-default elementor-section-height-default\" data-id=\"01398a8\" data-element_type=\"section\" data-settings=\"{&quot;stretch_section&quot;:&quot;section-stretched&quot;,&quot;background_background&quot;:&quot;classic&quot;}\">\n\t\t\t\t\t\t\t<div class=\"elementor-background-overlay\"><\/div>\n\t\t\t\t\t\t\t<div class=\"elementor-container elementor-column-gap-default\">\n\t\t\t\t\t\t\t<div class=\"elementor-row\">\n\t\t\t\t\t<div class=\"elementor-column elementor-col-100 elementor-top-column elementor-element elementor-element-fa330e6\" data-id=\"fa330e6\" data-element_type=\"column\">\n\t\t\t<div class=\"elementor-column-wrap elementor-element-populated\">\n\t\t\t\t\t\t\t<div class=\"elementor-widget-wrap\">\n\t\t\t\t\t\t<div class=\"elementor-element elementor-element-ce2304d elementor-invisible elementor-widget elementor-widget-text-editor\" data-id=\"ce2304d\" data-element_type=\"widget\" data-settings=\"{&quot;_animation&quot;:&quot;fadeInUp&quot;}\" data-widget_type=\"text-editor.default\">\n\t\t\t\t<div class=\"elementor-widget-container\">\n\t\t\t\t\t\t\t\t<div class=\"elementor-text-editor elementor-clearfix\">\n\t\t\t\t\t<p>Son Decal Produce - Trading and Advertisement Co., Ltd.<\/p>\t\t\t\t\t<\/div>\n\t\t\t\t\t\t<\/div>\n\t\t\t\t<\/div>\n\t\t\t\t<div class=\"elementor-element elementor-element-21a34d9 elementor-invisible elementor-widget elementor-widget-text-editor\" data-id=\"21a34d9\" data-element_type=\"widget\" data-settings=\"{&quot;_animation&quot;:&quot;fadeInUp&quot;,&quot;_animation_delay&quot;:300}\" data-widget_type=\"text-editor.default\">\n\t\t\t\t<div class=\"elementor-widget-container\">\n\t\t\t\t\t\t\t\t<div class=\"elementor-text-editor elementor-clearfix\">\n\t\t\t\t\t<p>MEET SGP STANDARD FROM SGS ASSESSMENT ORGANIZATION<\/p>\t\t\t\t\t<\/div>\n\t\t\t\t\t\t<\/div>\n\t\t\t\t<\/div>\n\t\t\t\t\t\t<\/div>\n\t\t\t\t\t<\/div>\n\t\t<\/div>\n\t\t\t\t\t\t\t\t<\/div>\n\t\t\t\t\t<\/div>\n\t\t<\/section>\n\t\t\t\t<section class=\"elementor-section elementor-top-section elementor-element elementor-element-f3e9b91 elementor-section-stretched elementor-section-boxed elementor-section-height-default elementor-section-height-default\" data-id=\"f3e9b91\" data-element_type=\"section\" data-settings=\"{&quot;stretch_section&quot;:&quot;section-stretched&quot;,&quot;background_background&quot;:&quot;classic&quot;}\">\n\t\t\t\t\t\t<div class=\"elementor-container elementor-column-gap-default\">\n\t\t\t\t\t\t\t<div class=\"elementor-row\">\n\t\t\t\t\t<div class=\"elementor-column elementor-col-50 elementor-top-column elementor-element elementor-element-74cccd1\" data-id=\"74cccd1\" data-element_type=\"column\">\n\t\t\t<div class=\"elementor-column-wrap elementor-element-populated\">\n\t\t\t\t\t\t\t<div class=\"elementor-widget-wrap\">\n\t\t\t\t\t\t<div class=\"elementor-element elementor-element-308f68c elementor-widget elementor-widget-text-editor\" data-id=\"308f68c\" data-element_type=\"widget\" data-settings=\"{&quot;_animation&quot;:&quot;none&quot;}\" data-widget_type=\"text-editor.default\">\n\t\t\t\t<div class=\"elementor-widget-container\">\n\t\t\t\t\t\t\t\t<div class=\"elementor-text-editor elementor-clearfix\">\n\t\t\t\t\t<p>Son Decal Produce - Trading and Advertisement Co., Ltd. has been re-evaluated to meet SGP standards by the international assessment organization SGS.<\/p><p>Job No.: FA24\/00876<br \/>Issue date: 6 September 2024<\/p>\t\t\t\t\t<\/div>\n\t\t\t\t\t\t<\/div>\n\t\t\t\t<\/div>\n\t\t\t\t<div class=\"elementor-element elementor-element-f1cf558 elementor-position-left bdt-icon-type-icon elementor-vertical-align-top bdt-icon-effect-none elementor-widget elementor-widget-bdt-advanced-icon-box\" data-id=\"f1cf558\" data-element_type=\"widget\" data-widget_type=\"bdt-advanced-icon-box.default\">\n\t\t\t\t<div class=\"elementor-widget-container\">\n\t\t\t\t\t<div class=\"bdt-advanced-icon-box\">\n\n\t\t\t\t\t\t\t\n\t\t\t\t\t\t\t<div class=\"bdt-advanced-icon-box-icon\">\n\t\t\t\t\t<span class=\"bdt-icon-wrapper\">\n\n\n\t\t\t\t\t\t\n\t\t\t\t\t\t\t<i aria-hidden=\"true\" class=\"fas fa-quote-left\"><\/i>\n\t\t\t\t\t\t\t\n\t\t\t\t\t\t\t\t\t\t\t<\/span>\n\t\t\t\t<\/div>\n\t\t\t\n\t\t\t\t\t\t\t\t\n\t\t\t<div class=\"bdt-advanced-icon-box-content\">\n\t\t\t\t\n\t\t\t\t\t\t\t\t\t\n\t\t\n\n\t\t\n\t\t\t\t\t\t\n\t\t\t\t\n\t\t\t\t\t\t\t\t\t<div class=\"bdt-advanced-icon-box-description\">\n\t\t\t\t\t\t<p style=\"text-align: justify;\">SGS stands for Soci\u00e9t\u00e9 G\u00e9n\u00e9rale de Surveillance SA, founded in 1878, headquartered in Switzerland. SGS is known as the world's leading inspection and certification company - a global symbol of quality and integrity with more than 95,000 employees (including scientists, engineers, doctors, chemists, etc.) academics, assessors and assessors).<\/p>\t\t\t\t\t<\/div>\n\t\t\t\t\n\t\t\t\t\t\t\t\t\t<a class=\"bdt-advanced-icon-box-readmore bdt-display-inline-block\" href=\"#\">\n\t\t\t\t\t\t\t\t\t\t\t\t\n\t\t\t\t\t\t\t\t\t\t\t<\/a>\n\t\t\t\t\t\t\t<\/div>\n\t\t<\/div>\n\n\t\t\n\t\t\n\t\t\t\t<\/div>\n\t\t\t\t<\/div>\n\t\t\t\t\t\t<\/div>\n\t\t\t\t\t<\/div>\n\t\t<\/div>\n\t\t\t\t<div class=\"elementor-column elementor-col-50 elementor-top-column elementor-element elementor-element-5850b04\" data-id=\"5850b04\" data-element_type=\"column\">\n\t\t\t<div class=\"elementor-column-wrap elementor-element-populated\">\n\t\t\t\t\t\t\t<div class=\"elementor-widget-wrap\">\n\t\t\t\t\t\t<div class=\"elementor-element elementor-element-f107ab6 elementor-invisible elementor-widget elementor-widget-image\" data-id=\"f107ab6\" data-element_type=\"widget\" data-settings=\"{&quot;_animation&quot;:&quot;fadeIn&quot;,&quot;_animation_delay&quot;:800,&quot;motion_fx_motion_fx_scrolling&quot;:&quot;yes&quot;,&quot;motion_fx_devices&quot;:[&quot;desktop&quot;,&quot;tablet&quot;,&quot;mobile&quot;]}\" data-widget_type=\"image.default\">\n\t\t\t\t<div class=\"elementor-widget-container\">\n\t\t\t\t\t\t\t\t<div class=\"elementor-image\">\n\t\t\t\t\t\t\t\t\t\t\t\t\t<a href=\"https:\/\/quangcaosdc.com\/wp-content\/uploads\/2024\/09\/Confirmation-letter-SON-DE-CAL-2024.jpg\" data-elementor-open-lightbox=\"yes\" data-elementor-lightbox-title=\"Confirmation letter SON DECAL - SDC 2024\">\n\t\t\t\t\t\t\t<img decoding=\"async\" width=\"791\" height=\"1024\" src=\"https:\/\/quangcaosdc.vn\/wp-content\/uploads\/2024\/09\/Confirmation-letter-SON-DE-CAL-2024-791x1024.jpg\" class=\"elementor-animation-grow-rotate attachment-large size-large\" alt=\"\" srcset=\"https:\/\/quangcaosdc.vn\/wp-content\/uploads\/2024\/09\/Confirmation-letter-SON-DE-CAL-2024-791x1024.jpg 791w, https:\/\/quangcaosdc.vn\/wp-content\/uploads\/2024\/09\/Confirmation-letter-SON-DE-CAL-2024-495x640.jpg 495w, https:\/\/quangcaosdc.vn\/wp-content\/uploads\/2024\/09\/Confirmation-letter-SON-DE-CAL-2024-768x994.jpg 768w, https:\/\/quangcaosdc.vn\/wp-content\/uploads\/2024\/09\/Confirmation-letter-SON-DE-CAL-2024-9x12.jpg 9w, https:\/\/quangcaosdc.vn\/wp-content\/uploads\/2024\/09\/Confirmation-letter-SON-DE-CAL-2024.jpg 850w\" sizes=\"(max-width: 791px) 100vw, 791px\" \/>\t\t\t\t\t\t\t\t<\/a>\n\t\t\t\t\t\t\t\t\t\t\t\t\t\t<\/div>\n\t\t\t\t\t\t<\/div>\n\t\t\t\t<\/div>\n\t\t\t\t\t\t<\/div>\n\t\t\t\t\t<\/div>\n\t\t<\/div>\n\t\t\t\t\t\t\t\t<\/div>\n\t\t\t\t\t<\/div>\n\t\t<\/section>\n\t\t\t\t\t\t<\/div>\n\t\t\t\t\t\t<\/div>\n\t\t\t\t\t<\/div>","protected":false},"excerpt":{"rendered":"<p>C\u00d4NG TY S\u01a1n Decal \u0111\u00e3 \u0110\u1ea0T TI\u00caU CHU\u1ea8N SGP T\u1eea\u00a0 T\u1ed4 CH\u1ee8C \u0110\u00c1NH GI\u00c1 SGS C\u00f4ng ty TNHH S\u1ea3n xu\u1ea5t &#8211; Th\u01b0\u01a1ng m\u1ea1i v\u00e0 D\u1ecbch v\u1ee5 qu\u1ea3ng c\u00e1o S\u01a1n Decal \u0111\u00e3 \u0111\u01b0\u1ee3c t\u00e1i \u0111\u00e1nh gi\u00e1 \u0111\u1ea1t ti\u00eau chu\u1ea9n SGP t\u1eeb t\u1ed5 ch\u1ee9c \u0111\u00e1nh gi\u00e1 qu\u1ed1c t\u1ebf SGS M\u00e3 s\u1ed1: FA24\/00876Ng\u00e0y ph\u00e1t h\u00e0nh: 06 th\u00e1ng 9, [&hellip;]<\/p>","protected":false},"author":4,"featured_media":0,"parent":55,"menu_order":0,"comment_status":"closed","ping_status":"closed","template":"elementor_header_footer","meta":{"footnotes":""},"yst_prominent_words":[],"class_list":["post-6932","page","type-page","status-publish","hentry"],"_links":{"self":[{"href":"https:\/\/quangcaosdc.vn\/en\/wp-json\/wp\/v2\/pages\/6932","targetHints":{"allow":["GET"]}}],"collection":[{"href":"https:\/\/quangcaosdc.vn\/en\/wp-json\/wp\/v2\/pages"}],"about":[{"href":"https:\/\/quangcaosdc.vn\/en\/wp-json\/wp\/v2\/types\/page"}],"author":[{"embeddable":true,"href":"https:\/\/quangcaosdc.vn\/en\/wp-json\/wp\/v2\/users\/4"}],"replies":[{"embeddable":true,"href":"https:\/\/quangcaosdc.vn\/en\/wp-json\/wp\/v2\/comments?post=6932"}],"version-history":[{"count":32,"href":"https:\/\/quangcaosdc.vn\/en\/wp-json\/wp\/v2\/pages\/6932\/revisions"}],"predecessor-version":[{"id":7211,"href":"https:\/\/quangcaosdc.vn\/en\/wp-json\/wp\/v2\/pages\/6932\/revisions\/7211"}],"up":[{"embeddable":true,"href":"https:\/\/quangcaosdc.vn\/en\/wp-json\/wp\/v2\/pages\/55"}],"wp:attachment":[{"href":"https:\/\/quangcaosdc.vn\/en\/wp-json\/wp\/v2\/media?parent=6932"}],"wp:term":[{"taxonomy":"yst_prominent_words","embeddable":true,"href":"https:\/\/quangcaosdc.vn\/en\/wp-json\/wp\/v2\/yst_prominent_words?post=6932"}],"curies":[{"name":"wp","href":"https:\/\/api.w.org\/{rel}","templated":true}]}}