{"id":6728,"date":"2023-06-01T13:06:48","date_gmt":"2023-06-01T06:06:48","guid":{"rendered":"https:\/\/quangcaosdc.com\/?page_id=6728"},"modified":"2025-09-22T13:42:48","modified_gmt":"2025-09-22T06:42:48","slug":"nha-may-san-xuat-cua-cong-ty-sdc-dat-tieu-chuan-smeta-4-pillars","status":"publish","type":"page","link":"https:\/\/quangcaosdc.vn\/en\/about-sdc\/nha-may-san-xuat-cua-cong-ty-sdc-dat-tieu-chuan-smeta-4-pillars\/","title":{"rendered":"Nh\u00e0 m\u00e1y s\u1ea3n xu\u1ea5t c\u1ee7a c\u00f4ng ty SDC \u0111\u1ea1t ti\u00eau chu\u1ea9n SMETA 4 Pillars"},"content":{"rendered":"<div data-elementor-type=\"wp-page\" data-elementor-id=\"6728\" class=\"elementor elementor-6728\" data-elementor-settings=\"[]\">\n\t\t\t\t\t\t<div class=\"elementor-inner\">\n\t\t\t\t\t\t\t<div class=\"elementor-section-wrap\">\n\t\t\t\t\t\t\t<section class=\"elementor-section elementor-top-section elementor-element elementor-element-01398a8 elementor-section-stretched elementor-section-boxed elementor-section-height-default elementor-section-height-default\" data-id=\"01398a8\" data-element_type=\"section\" data-settings=\"{&quot;stretch_section&quot;:&quot;section-stretched&quot;,&quot;background_background&quot;:&quot;classic&quot;}\">\n\t\t\t\t\t\t\t<div class=\"elementor-background-overlay\"><\/div>\n\t\t\t\t\t\t\t<div class=\"elementor-container elementor-column-gap-default\">\n\t\t\t\t\t\t\t<div class=\"elementor-row\">\n\t\t\t\t\t<div class=\"elementor-column elementor-col-100 elementor-top-column elementor-element elementor-element-fa330e6\" data-id=\"fa330e6\" data-element_type=\"column\">\n\t\t\t<div class=\"elementor-column-wrap elementor-element-populated\">\n\t\t\t\t\t\t\t<div class=\"elementor-widget-wrap\">\n\t\t\t\t\t\t<div class=\"elementor-element elementor-element-ce2304d elementor-invisible elementor-widget elementor-widget-text-editor\" data-id=\"ce2304d\" data-element_type=\"widget\" data-settings=\"{&quot;_animation&quot;:&quot;fadeInUp&quot;}\" data-widget_type=\"text-editor.default\">\n\t\t\t\t<div class=\"elementor-widget-container\">\n\t\t\t\t\t\t\t\t<div class=\"elementor-text-editor elementor-clearfix\">\n\t\t\t\t\t<p>Our SDC's factory\u00a0<\/p>\t\t\t\t\t<\/div>\n\t\t\t\t\t\t<\/div>\n\t\t\t\t<\/div>\n\t\t\t\t<div class=\"elementor-element elementor-element-21a34d9 elementor-invisible elementor-widget elementor-widget-text-editor\" data-id=\"21a34d9\" data-element_type=\"widget\" data-settings=\"{&quot;_animation&quot;:&quot;fadeInUp&quot;,&quot;_animation_delay&quot;:300}\" data-widget_type=\"text-editor.default\">\n\t\t\t\t<div class=\"elementor-widget-container\">\n\t\t\t\t\t\t\t\t<div class=\"elementor-text-editor elementor-clearfix\">\n\t\t\t\t\t<p>has MEET SMETA 4-Pillar standards<\/p>\t\t\t\t\t<\/div>\n\t\t\t\t\t\t<\/div>\n\t\t\t\t<\/div>\n\t\t\t\t\t\t<\/div>\n\t\t\t\t\t<\/div>\n\t\t<\/div>\n\t\t\t\t\t\t\t\t<\/div>\n\t\t\t\t\t<\/div>\n\t\t<\/section>\n\t\t\t\t<section class=\"elementor-section elementor-top-section elementor-element elementor-element-f3e9b91 elementor-section-stretched elementor-section-boxed elementor-section-height-default elementor-section-height-default\" data-id=\"f3e9b91\" data-element_type=\"section\" data-settings=\"{&quot;stretch_section&quot;:&quot;section-stretched&quot;}\">\n\t\t\t\t\t\t\t<div class=\"elementor-background-overlay\"><\/div>\n\t\t\t\t\t\t\t<div class=\"elementor-container elementor-column-gap-default\">\n\t\t\t\t\t\t\t<div class=\"elementor-row\">\n\t\t\t\t\t<div class=\"elementor-column elementor-col-50 elementor-top-column elementor-element elementor-element-74cccd1\" data-id=\"74cccd1\" data-element_type=\"column\">\n\t\t\t<div class=\"elementor-column-wrap elementor-element-populated\">\n\t\t\t\t\t\t\t<div class=\"elementor-widget-wrap\">\n\t\t\t\t\t\t<div class=\"elementor-element elementor-element-308f68c elementor-widget elementor-widget-text-editor\" data-id=\"308f68c\" data-element_type=\"widget\" data-settings=\"{&quot;_animation&quot;:&quot;none&quot;}\" data-widget_type=\"text-editor.default\">\n\t\t\t\t<div class=\"elementor-widget-container\">\n\t\t\t\t\t\t\t\t<div class=\"elementor-text-editor elementor-clearfix\">\n\t\t\t\t\t<p>SDC Advertising service and Trading Production Co., Ltd. has successfully passed the SMETA 4-PILLAR Audit (version 7.0), covering the following standards:<\/p><ol><li>Labour Standards<\/li><li>Health &amp; Safety<\/li><li>Environment<\/li><li>Business Ethics<\/li><\/ol>\t\t\t\t\t<\/div>\n\t\t\t\t\t\t<\/div>\n\t\t\t\t<\/div>\n\t\t\t\t<div class=\"elementor-element elementor-element-f1cf558 elementor-position-left bdt-icon-type-icon elementor-vertical-align-top bdt-icon-effect-none elementor-widget elementor-widget-bdt-advanced-icon-box\" data-id=\"f1cf558\" data-element_type=\"widget\" data-widget_type=\"bdt-advanced-icon-box.default\">\n\t\t\t\t<div class=\"elementor-widget-container\">\n\t\t\t\t\t<div class=\"bdt-advanced-icon-box\">\n\n\t\t\t\t\t\t\t\n\t\t\t\t\t\t\t<div class=\"bdt-advanced-icon-box-icon\">\n\t\t\t\t\t<span class=\"bdt-icon-wrapper\">\n\n\n\t\t\t\t\t\t\n\t\t\t\t\t\t\t<i aria-hidden=\"true\" class=\"fas fa-quote-left\"><\/i>\n\t\t\t\t\t\t\t\n\t\t\t\t\t\t\t\t\t\t\t<\/span>\n\t\t\t\t<\/div>\n\t\t\t\n\t\t\t\t\t\t\t\t\n\t\t\t<div class=\"bdt-advanced-icon-box-content\">\n\t\t\t\t\n\t\t\t\t\t\t\t\t\t\n\t\t\n\n\t\t\n\t\t\t\t\t\t\n\t\t\t\t\n\t\t\t\t\t\t\t\t\t<div class=\"bdt-advanced-icon-box-description\">\n\t\t\t\t\t\t<p style=\"text-align: justify;\">SMETA (Sedex Members Ethical Trade Audit) evaluates based on the labor standards, health and safety, environment and business ethics of enterprises. SMETA audits can be conducted based on 2 pillars, or 4 pillars (SMETA 2 pillar and SMETA 4 pillar)<\/p>\t\t\t\t\t<\/div>\n\t\t\t\t\n\t\t\t\t\t\t\t\t\t<a class=\"bdt-advanced-icon-box-readmore bdt-display-inline-block\" href=\"#\">\n\t\t\t\t\t\t\t\t\t\t\t\t\n\t\t\t\t\t\t\t\t\t\t\t<\/a>\n\t\t\t\t\t\t\t<\/div>\n\t\t<\/div>\n\n\t\t\n\t\t\n\t\t\t\t<\/div>\n\t\t\t\t<\/div>\n\t\t\t\t\t\t<\/div>\n\t\t\t\t\t<\/div>\n\t\t<\/div>\n\t\t\t\t<div class=\"elementor-column elementor-col-50 elementor-top-column elementor-element elementor-element-5850b04\" data-id=\"5850b04\" data-element_type=\"column\">\n\t\t\t<div class=\"elementor-column-wrap elementor-element-populated\">\n\t\t\t\t\t\t\t<div class=\"elementor-widget-wrap\">\n\t\t\t\t\t\t<div class=\"elementor-element elementor-element-f107ab6 elementor-invisible elementor-widget elementor-widget-image\" data-id=\"f107ab6\" data-element_type=\"widget\" data-settings=\"{&quot;_animation&quot;:&quot;fadeIn&quot;,&quot;_animation_delay&quot;:800,&quot;motion_fx_motion_fx_scrolling&quot;:&quot;yes&quot;,&quot;motion_fx_devices&quot;:[&quot;desktop&quot;,&quot;tablet&quot;,&quot;mobile&quot;]}\" data-widget_type=\"image.default\">\n\t\t\t\t<div class=\"elementor-widget-container\">\n\t\t\t\t\t\t\t\t<div class=\"elementor-image\">\n\t\t\t\t\t\t\t\t\t\t\t\t\t<a href=\"https:\/\/quangcaosdc.com\/wp-content\/uploads\/2025\/08\/smeta-2025-v7.png\" data-elementor-open-lightbox=\"yes\">\n\t\t\t\t\t\t\t<img decoding=\"async\" width=\"800\" height=\"637\" src=\"https:\/\/quangcaosdc.vn\/wp-content\/uploads\/2025\/08\/smeta-2025-v7.png\" class=\"elementor-animation-grow-rotate attachment-large size-large\" alt=\"\" srcset=\"https:\/\/quangcaosdc.vn\/wp-content\/uploads\/2025\/08\/smeta-2025-v7.png 853w, https:\/\/quangcaosdc.vn\/wp-content\/uploads\/2025\/08\/smeta-2025-v7-640x509.png 640w, https:\/\/quangcaosdc.vn\/wp-content\/uploads\/2025\/08\/smeta-2025-v7-768x611.png 768w, https:\/\/quangcaosdc.vn\/wp-content\/uploads\/2025\/08\/smeta-2025-v7-15x12.png 15w\" sizes=\"(max-width: 800px) 100vw, 800px\" \/>\t\t\t\t\t\t\t\t<\/a>\n\t\t\t\t\t\t\t\t\t\t\t\t\t\t<\/div>\n\t\t\t\t\t\t<\/div>\n\t\t\t\t<\/div>\n\t\t\t\t\t\t<\/div>\n\t\t\t\t\t<\/div>\n\t\t<\/div>\n\t\t\t\t\t\t\t\t<\/div>\n\t\t\t\t\t<\/div>\n\t\t<\/section>\n\t\t\t\t\t\t<\/div>\n\t\t\t\t\t\t<\/div>\n\t\t\t\t\t<\/div>","protected":false},"excerpt":{"rendered":"<p>nh\u00e0 m\u00e1y s\u1ea3n xu\u1ea5t c\u1ee7a C\u00d4NG TY SDC\u00a0 \u0111\u00e3 \u0110\u1ea0T ti\u00eau chu\u1ea9n SMETA 4-Pillar C\u00f4ng ty TNHH S\u1ea3n xu\u1ea5t &#8211; Th\u01b0\u01a1ng m\u1ea1i v\u00e0 D\u1ecbch v\u1ee5 qu\u1ea3ng c\u00e1o SDC \u0111\u00e3 v\u01b0\u1ee3t qua \u0111\u00e1nh gi\u00e1 4-PILLAR (version 7.0) c\u1ee7a SMETA, bao g\u1ed3m c\u00e1c ti\u00eau chu\u1ea9n sau: Lao \u0111\u1ed9ng S\u1ee9c kho\u1ebb v\u00e0 An to\u00e0n M\u00f4i tr\u01b0\u1eddng \u0110\u1ea1o \u0111\u1ee9c [&hellip;]<\/p>","protected":false},"author":4,"featured_media":0,"parent":55,"menu_order":0,"comment_status":"closed","ping_status":"closed","template":"elementor_header_footer","meta":{"footnotes":""},"yst_prominent_words":[],"class_list":["post-6728","page","type-page","status-publish","hentry"],"_links":{"self":[{"href":"https:\/\/quangcaosdc.vn\/en\/wp-json\/wp\/v2\/pages\/6728","targetHints":{"allow":["GET"]}}],"collection":[{"href":"https:\/\/quangcaosdc.vn\/en\/wp-json\/wp\/v2\/pages"}],"about":[{"href":"https:\/\/quangcaosdc.vn\/en\/wp-json\/wp\/v2\/types\/page"}],"author":[{"embeddable":true,"href":"https:\/\/quangcaosdc.vn\/en\/wp-json\/wp\/v2\/users\/4"}],"replies":[{"embeddable":true,"href":"https:\/\/quangcaosdc.vn\/en\/wp-json\/wp\/v2\/comments?post=6728"}],"version-history":[{"count":173,"href":"https:\/\/quangcaosdc.vn\/en\/wp-json\/wp\/v2\/pages\/6728\/revisions"}],"predecessor-version":[{"id":7645,"href":"https:\/\/quangcaosdc.vn\/en\/wp-json\/wp\/v2\/pages\/6728\/revisions\/7645"}],"up":[{"embeddable":true,"href":"https:\/\/quangcaosdc.vn\/en\/wp-json\/wp\/v2\/pages\/55"}],"wp:attachment":[{"href":"https:\/\/quangcaosdc.vn\/en\/wp-json\/wp\/v2\/media?parent=6728"}],"wp:term":[{"taxonomy":"yst_prominent_words","embeddable":true,"href":"https:\/\/quangcaosdc.vn\/en\/wp-json\/wp\/v2\/yst_prominent_words?post=6728"}],"curies":[{"name":"wp","href":"https:\/\/api.w.org\/{rel}","templated":true}]}}