{"id":1731,"date":"2020-12-29T14:07:39","date_gmt":"2020-12-29T07:07:39","guid":{"rendered":"https:\/\/sdc.jaysoft.asia\/?page_id=1731"},"modified":"2024-09-12T14:48:04","modified_gmt":"2024-09-12T07:48:04","slug":"thanh-tuu-cong-ty-quang-cao-sdc","status":"publish","type":"page","link":"https:\/\/quangcaosdc.vn\/en\/sustainable-development\/achievement\/","title":{"rendered":"Achievement"},"content":{"rendered":"<div data-elementor-type=\"wp-page\" data-elementor-id=\"1731\" class=\"elementor elementor-1731\" data-elementor-settings=\"[]\">\n\t\t\t\t\t\t<div class=\"elementor-inner\">\n\t\t\t\t\t\t\t<div class=\"elementor-section-wrap\">\n\t\t\t\t\t\t\t<section class=\"elementor-section elementor-top-section elementor-element elementor-element-7d86b19 elementor-section-boxed elementor-section-height-default elementor-section-height-default\" data-id=\"7d86b19\" data-element_type=\"section\" data-settings=\"{&quot;background_background&quot;:&quot;classic&quot;}\">\n\t\t\t\t\t\t<div class=\"elementor-container elementor-column-gap-default\">\n\t\t\t\t\t\t\t<div class=\"elementor-row\">\n\t\t\t\t\t<div class=\"elementor-column elementor-col-50 elementor-top-column elementor-element elementor-element-29adf5d\" data-id=\"29adf5d\" data-element_type=\"column\" data-settings=\"{&quot;background_background&quot;:&quot;classic&quot;}\">\n\t\t\t<div class=\"elementor-column-wrap elementor-element-populated\">\n\t\t\t\t\t\t\t<div class=\"elementor-widget-wrap\">\n\t\t\t\t\t\t<div class=\"elementor-element elementor-element-1b1aead elementor-invisible elementor-widget elementor-widget-heading\" data-id=\"1b1aead\" data-element_type=\"widget\" data-settings=\"{&quot;_animation&quot;:&quot;fadeInUp&quot;}\" data-widget_type=\"heading.default\">\n\t\t\t\t<div class=\"elementor-widget-container\">\n\t\t\t<h2 class=\"elementor-heading-title elementor-size-default\">CERTIFICATE OF AWARD<\/h2>\t\t<\/div>\n\t\t\t\t<\/div>\n\t\t\t\t<div class=\"elementor-element elementor-element-e58f214 elementor-invisible elementor-widget elementor-widget-heading\" data-id=\"e58f214\" data-element_type=\"widget\" data-settings=\"{&quot;_animation&quot;:&quot;fadeInUp&quot;}\" data-widget_type=\"heading.default\">\n\t\t\t\t<div class=\"elementor-widget-container\">\n\t\t\t<h2 class=\"elementor-heading-title elementor-size-default\">ACHIEVEMENT OF SDC<\/h2>\t\t<\/div>\n\t\t\t\t<\/div>\n\t\t\t\t<div class=\"elementor-element elementor-element-8a17c89 elementor-widget elementor-widget-text-editor\" data-id=\"8a17c89\" data-element_type=\"widget\" data-widget_type=\"text-editor.default\">\n\t\t\t\t<div class=\"elementor-widget-container\">\n\t\t\t\t\t\t\t\t<div class=\"elementor-text-editor elementor-clearfix\">\n\t\t\t\t\t<p>Our  powerful  finance  competence  together  with  an available foundation built by SDC over years...in return, is the huge trust from our reputable clients to assign large-scale projects in the country and the region as well.Steadily  increased  SDC  revenue  from  2016  to  the present is expected for escalation in upcoming years.In order to keep sustainable development, SDC finds ways to search for management system optimization, modern machinery investment as well as apply high technologies  in  production  platform.  Our  employees are always encouraged to learn and improve their skills from day by day for better adaptation and solution to any strict requirements from our clients.<\/p>\t\t\t\t\t<\/div>\n\t\t\t\t\t\t<\/div>\n\t\t\t\t<\/div>\n\t\t\t\t\t\t<\/div>\n\t\t\t\t\t<\/div>\n\t\t<\/div>\n\t\t\t\t<div class=\"elementor-column elementor-col-50 elementor-top-column elementor-element elementor-element-6b0eff0\" data-id=\"6b0eff0\" data-element_type=\"column\">\n\t\t\t<div class=\"elementor-column-wrap elementor-element-populated\">\n\t\t\t\t\t\t\t<div class=\"elementor-widget-wrap\">\n\t\t\t\t\t\t<div class=\"elementor-element elementor-element-4ee7cf5 elementor-widget elementor-widget-image\" data-id=\"4ee7cf5\" data-element_type=\"widget\" data-widget_type=\"image.default\">\n\t\t\t\t<div class=\"elementor-widget-container\">\n\t\t\t\t\t\t\t\t<div class=\"elementor-image\">\n\t\t\t\t\t\t\t\t\t\t\t\t<img decoding=\"async\" width=\"800\" height=\"894\" src=\"https:\/\/quangcaosdc.vn\/wp-content\/uploads\/2021\/04\/ky-niem-chuong-pha-le-916x1024.jpg\" class=\"attachment-large size-large\" alt=\"\" srcset=\"https:\/\/quangcaosdc.vn\/wp-content\/uploads\/2021\/04\/ky-niem-chuong-pha-le-916x1024.jpg 916w, https:\/\/quangcaosdc.vn\/wp-content\/uploads\/2021\/04\/ky-niem-chuong-pha-le-573x640.jpg 573w, https:\/\/quangcaosdc.vn\/wp-content\/uploads\/2021\/04\/ky-niem-chuong-pha-le-768x858.jpg 768w, https:\/\/quangcaosdc.vn\/wp-content\/uploads\/2021\/04\/ky-niem-chuong-pha-le-11x12.jpg 11w, https:\/\/quangcaosdc.vn\/wp-content\/uploads\/2021\/04\/ky-niem-chuong-pha-le.jpg 1074w\" sizes=\"(max-width: 800px) 100vw, 800px\" \/>\t\t\t\t\t\t\t\t\t\t\t\t\t\t<\/div>\n\t\t\t\t\t\t<\/div>\n\t\t\t\t<\/div>\n\t\t\t\t\t\t<\/div>\n\t\t\t\t\t<\/div>\n\t\t<\/div>\n\t\t\t\t\t\t\t\t<\/div>\n\t\t\t\t\t<\/div>\n\t\t<\/section>\n\t\t\t\t<section class=\"elementor-section elementor-top-section elementor-element elementor-element-86b397e elementor-section-boxed elementor-section-height-default elementor-section-height-default\" data-id=\"86b397e\" data-element_type=\"section\" data-settings=\"{&quot;background_background&quot;:&quot;gradient&quot;}\">\n\t\t\t\t\t\t<div class=\"elementor-container elementor-column-gap-default\">\n\t\t\t\t\t\t\t<div class=\"elementor-row\">\n\t\t\t\t\t<div class=\"elementor-column elementor-col-100 elementor-top-column elementor-element elementor-element-f23c50b\" data-id=\"f23c50b\" data-element_type=\"column\">\n\t\t\t<div class=\"elementor-column-wrap elementor-element-populated\">\n\t\t\t\t\t\t\t<div class=\"elementor-widget-wrap\">\n\t\t\t\t\t\t<div class=\"elementor-element elementor-element-b149878 elementor-invisible elementor-widget elementor-widget-heading\" data-id=\"b149878\" data-element_type=\"widget\" data-settings=\"{&quot;_animation&quot;:&quot;fadeInUp&quot;}\" data-widget_type=\"heading.default\">\n\t\t\t\t<div class=\"elementor-widget-container\">\n\t\t\t<h3 class=\"elementor-heading-title elementor-size-default\">LETTER OF THANKS FROM PARTNER<\/h3>\t\t<\/div>\n\t\t\t\t<\/div>\n\t\t\t\t<div class=\"elementor-element elementor-element-984d03b elementor-arrows-position-outside elementor-invisible elementor-widget elementor-widget-image-carousel\" data-id=\"984d03b\" data-element_type=\"widget\" data-settings=\"{&quot;slides_to_show&quot;:&quot;3&quot;,&quot;navigation&quot;:&quot;arrows&quot;,&quot;_animation&quot;:&quot;fadeIn&quot;,&quot;pause_on_hover&quot;:&quot;no&quot;,&quot;autoplay_speed&quot;:7000,&quot;slides_to_scroll&quot;:&quot;1&quot;,&quot;pause_on_interaction&quot;:&quot;no&quot;,&quot;speed&quot;:400,&quot;image_spacing_custom&quot;:{&quot;unit&quot;:&quot;px&quot;,&quot;size&quot;:10,&quot;sizes&quot;:[]},&quot;autoplay&quot;:&quot;yes&quot;,&quot;infinite&quot;:&quot;yes&quot;}\" data-widget_type=\"image-carousel.default\">\n\t\t\t\t<div class=\"elementor-widget-container\">\n\t\t\t\t\t<div class=\"elementor-image-carousel-wrapper swiper-container\" dir=\"ltr\">\n\t\t\t<div class=\"elementor-image-carousel swiper-wrapper\">\n\t\t\t\t<div class=\"swiper-slide\"><a data-elementor-open-lightbox=\"yes\" data-elementor-lightbox-slideshow=\"984d03b\" data-elementor-lightbox-title=\"1\" href=\"https:\/\/quangcaosdc.vn\/wp-content\/uploads\/2021\/01\/1.jpg\"><figure class=\"swiper-slide-inner\"><img decoding=\"async\" class=\"swiper-slide-image\" src=\"https:\/\/quangcaosdc.vn\/wp-content\/uploads\/elementor\/thumbs\/1-pui7hxh4c4fvu20ed7ixgjr3tsw5b5zrteaxe7ptkw.jpg\" alt=\"1\" \/><\/figure><\/a><\/div><div class=\"swiper-slide\"><a data-elementor-open-lightbox=\"yes\" data-elementor-lightbox-slideshow=\"984d03b\" data-elementor-lightbox-title=\"3\" href=\"https:\/\/quangcaosdc.vn\/wp-content\/uploads\/2021\/01\/3-.jpg\"><figure class=\"swiper-slide-inner\"><img decoding=\"async\" class=\"swiper-slide-image\" src=\"https:\/\/quangcaosdc.vn\/wp-content\/uploads\/elementor\/thumbs\/3--pui7hxh4c4fvu20ed7ixgjr3tsw5b5zrteaxe7ptkw.jpg\" alt=\"3\" \/><\/figure><\/a><\/div><div class=\"swiper-slide\"><a data-elementor-open-lightbox=\"yes\" data-elementor-lightbox-slideshow=\"984d03b\" data-elementor-lightbox-title=\"4\" href=\"https:\/\/quangcaosdc.vn\/wp-content\/uploads\/2021\/01\/4-1.jpg\"><figure class=\"swiper-slide-inner\"><img decoding=\"async\" class=\"swiper-slide-image\" src=\"https:\/\/quangcaosdc.vn\/wp-content\/uploads\/elementor\/thumbs\/4-1-pui7hxh4c4fvu20ed7ixgjr3tsw5b5zrteaxe7ptkw.jpg\" alt=\"4\" \/><\/figure><\/a><\/div><div class=\"swiper-slide\"><a data-elementor-open-lightbox=\"yes\" data-elementor-lightbox-slideshow=\"984d03b\" data-elementor-lightbox-title=\"2\" href=\"https:\/\/quangcaosdc.vn\/wp-content\/uploads\/2021\/01\/2-1.jpg\"><figure class=\"swiper-slide-inner\"><img decoding=\"async\" class=\"swiper-slide-image\" src=\"https:\/\/quangcaosdc.vn\/wp-content\/uploads\/elementor\/thumbs\/2-1-pui7hxh4c4fvu20ed7ixgjr3tsw5b5zrteaxe7ptkw.jpg\" alt=\"2\" \/><\/figure><\/a><\/div>\t\t\t<\/div>\n\t\t\t\t\t\t\t\t\t\t\t\t\t\t\t\t<div class=\"elementor-swiper-button elementor-swiper-button-prev\">\n\t\t\t\t\t\t<i class=\"eicon-chevron-left\" aria-hidden=\"true\"><\/i>\n\t\t\t\t\t\t<span class=\"elementor-screen-only\">Previous<\/span>\n\t\t\t\t\t<\/div>\n\t\t\t\t\t<div class=\"elementor-swiper-button elementor-swiper-button-next\">\n\t\t\t\t\t\t<i class=\"eicon-chevron-right\" aria-hidden=\"true\"><\/i>\n\t\t\t\t\t\t<span class=\"elementor-screen-only\">Next<\/span>\n\t\t\t\t\t<\/div>\n\t\t\t\t\t\t\t\t\t<\/div>\n\t\t\t\t<\/div>\n\t\t\t\t<\/div>\n\t\t\t\t\t\t<\/div>\n\t\t\t\t\t<\/div>\n\t\t<\/div>\n\t\t\t\t\t\t\t\t<\/div>\n\t\t\t\t\t<\/div>\n\t\t<\/section>\n\t\t\t\t<section class=\"elementor-section elementor-top-section elementor-element elementor-element-989cc40 elementor-section-boxed elementor-section-height-default elementor-section-height-default\" data-id=\"989cc40\" data-element_type=\"section\" data-settings=\"{&quot;background_background&quot;:&quot;classic&quot;}\">\n\t\t\t\t\t\t<div class=\"elementor-container elementor-column-gap-default\">\n\t\t\t\t\t\t\t<div class=\"elementor-row\">\n\t\t\t\t\t<div class=\"elementor-column elementor-col-100 elementor-top-column elementor-element elementor-element-772911e\" data-id=\"772911e\" data-element_type=\"column\">\n\t\t\t<div class=\"elementor-column-wrap elementor-element-populated\">\n\t\t\t\t\t\t\t<div class=\"elementor-widget-wrap\">\n\t\t\t\t\t\t<div class=\"elementor-element elementor-element-478866f elementor-invisible elementor-widget elementor-widget-heading\" data-id=\"478866f\" data-element_type=\"widget\" data-settings=\"{&quot;_animation&quot;:&quot;fadeInUp&quot;}\" data-widget_type=\"heading.default\">\n\t\t\t\t<div class=\"elementor-widget-container\">\n\t\t\t<h2 class=\"elementor-heading-title elementor-size-default\">AWARDS - CERTIFICATE<\/h2>\t\t<\/div>\n\t\t\t\t<\/div>\n\t\t\t\t<div class=\"elementor-element elementor-element-4b16b78 elementor-arrows-position-outside elementor-invisible elementor-widget elementor-widget-image-carousel\" data-id=\"4b16b78\" data-element_type=\"widget\" data-settings=\"{&quot;slides_to_show&quot;:&quot;3&quot;,&quot;navigation&quot;:&quot;arrows&quot;,&quot;_animation&quot;:&quot;fadeIn&quot;,&quot;pause_on_hover&quot;:&quot;no&quot;,&quot;autoplay_speed&quot;:7000,&quot;slides_to_scroll&quot;:&quot;1&quot;,&quot;pause_on_interaction&quot;:&quot;no&quot;,&quot;speed&quot;:400,&quot;image_spacing_custom&quot;:{&quot;unit&quot;:&quot;px&quot;,&quot;size&quot;:10,&quot;sizes&quot;:[]},&quot;autoplay&quot;:&quot;yes&quot;,&quot;infinite&quot;:&quot;yes&quot;}\" data-widget_type=\"image-carousel.default\">\n\t\t\t\t<div class=\"elementor-widget-container\">\n\t\t\t\t\t<div class=\"elementor-image-carousel-wrapper swiper-container\" dir=\"ltr\">\n\t\t\t<div class=\"elementor-image-carousel swiper-wrapper\">\n\t\t\t\t<div class=\"swiper-slide\"><a data-elementor-open-lightbox=\"yes\" data-elementor-lightbox-slideshow=\"4b16b78\" data-elementor-lightbox-title=\"Confirmation letter SON DECAL - SDC 2024\" href=\"https:\/\/quangcaosdc.vn\/wp-content\/uploads\/2024\/09\/Confirmation-letter-SON-DE-CAL-2024.jpg\"><figure class=\"swiper-slide-inner\"><img decoding=\"async\" class=\"swiper-slide-image\" src=\"https:\/\/quangcaosdc.vn\/wp-content\/uploads\/elementor\/thumbs\/Confirmation-letter-SON-DE-CAL-2024-qtzmuxt2vor1aaikanb68j5sqi9nd2x7gebh4emo00.jpg\" alt=\"GREEN CERTIFICATION LETTER - SGS 2024\" \/><figcaption class=\"elementor-image-carousel-caption\">GREEN CERTIFICATION LETTER - SGS 2024<\/figcaption><\/figure><\/a><\/div><div class=\"swiper-slide\"><a data-elementor-open-lightbox=\"yes\" data-elementor-lightbox-slideshow=\"4b16b78\" data-elementor-lightbox-title=\"duns-profile-2022\" href=\"https:\/\/quangcaosdc.vn\/wp-content\/uploads\/2022\/10\/duns-profile-2022.png\"><figure class=\"swiper-slide-inner\"><img decoding=\"async\" class=\"swiper-slide-image\" src=\"https:\/\/quangcaosdc.vn\/wp-content\/uploads\/elementor\/thumbs\/duns-profile-2022-pw8h19n6rs9x35j39pnvev05bhucrvw428jr21xo1s.png\" alt=\"duns-profile-2022\" \/><\/figure><\/a><\/div><div class=\"swiper-slide\"><a data-elementor-open-lightbox=\"yes\" data-elementor-lightbox-slideshow=\"4b16b78\" data-elementor-lightbox-title=\"5\" href=\"https:\/\/quangcaosdc.vn\/wp-content\/uploads\/2021\/01\/5.jpg\"><figure class=\"swiper-slide-inner\"><img decoding=\"async\" class=\"swiper-slide-image\" src=\"https:\/\/quangcaosdc.vn\/wp-content\/uploads\/elementor\/thumbs\/5-pui7hxh4c4fvu20ed7ixgjr3tsw5b5zrteaxe7ptkw.jpg\" alt=\"ACCOMPANY SAIGON COOP FOR 30 YEARS\" \/><figcaption class=\"elementor-image-carousel-caption\">ACCOMPANY SAIGON COOP FOR 30 YEARS<\/figcaption><\/figure><\/a><\/div>\t\t\t<\/div>\n\t\t\t\t\t\t\t\t\t\t\t\t\t\t\t\t<div class=\"elementor-swiper-button elementor-swiper-button-prev\">\n\t\t\t\t\t\t<i class=\"eicon-chevron-left\" aria-hidden=\"true\"><\/i>\n\t\t\t\t\t\t<span class=\"elementor-screen-only\">Previous<\/span>\n\t\t\t\t\t<\/div>\n\t\t\t\t\t<div class=\"elementor-swiper-button elementor-swiper-button-next\">\n\t\t\t\t\t\t<i class=\"eicon-chevron-right\" aria-hidden=\"true\"><\/i>\n\t\t\t\t\t\t<span class=\"elementor-screen-only\">Next<\/span>\n\t\t\t\t\t<\/div>\n\t\t\t\t\t\t\t\t\t<\/div>\n\t\t\t\t<\/div>\n\t\t\t\t<\/div>\n\t\t\t\t\t\t<\/div>\n\t\t\t\t\t<\/div>\n\t\t<\/div>\n\t\t\t\t\t\t\t\t<\/div>\n\t\t\t\t\t<\/div>\n\t\t<\/section>\n\t\t\t\t<section class=\"elementor-section elementor-top-section elementor-element elementor-element-9ea3857 elementor-section-boxed elementor-section-height-default elementor-section-height-default\" data-id=\"9ea3857\" data-element_type=\"section\" data-settings=\"{&quot;background_background&quot;:&quot;classic&quot;}\">\n\t\t\t\t\t\t<div class=\"elementor-container elementor-column-gap-default\">\n\t\t\t\t\t\t\t<div class=\"elementor-row\">\n\t\t\t\t\t<div class=\"elementor-column elementor-col-100 elementor-top-column elementor-element elementor-element-42041b8\" data-id=\"42041b8\" data-element_type=\"column\">\n\t\t\t<div class=\"elementor-column-wrap elementor-element-populated\">\n\t\t\t\t\t\t\t<div class=\"elementor-widget-wrap\">\n\t\t\t\t\t\t<div class=\"elementor-element elementor-element-4376bd3 elementor-invisible elementor-widget elementor-widget-heading\" data-id=\"4376bd3\" data-element_type=\"widget\" data-settings=\"{&quot;_animation&quot;:&quot;fadeInUp&quot;}\" data-widget_type=\"heading.default\">\n\t\t\t\t<div class=\"elementor-widget-container\">\n\t\t\t<h2 class=\"elementor-heading-title elementor-size-default\">EXCLUSIVE CERTIFICATE<\/h2>\t\t<\/div>\n\t\t\t\t<\/div>\n\t\t\t\t<div class=\"elementor-element elementor-element-59ef44b elementor-arrows-position-outside elementor-invisible elementor-widget elementor-widget-image-carousel\" data-id=\"59ef44b\" data-element_type=\"widget\" data-settings=\"{&quot;slides_to_show&quot;:&quot;3&quot;,&quot;navigation&quot;:&quot;arrows&quot;,&quot;_animation&quot;:&quot;fadeIn&quot;,&quot;pause_on_hover&quot;:&quot;no&quot;,&quot;autoplay_speed&quot;:7000,&quot;slides_to_scroll&quot;:&quot;1&quot;,&quot;slides_to_scroll_mobile&quot;:&quot;1&quot;,&quot;pause_on_interaction&quot;:&quot;no&quot;,&quot;image_spacing_custom&quot;:{&quot;unit&quot;:&quot;px&quot;,&quot;size&quot;:10,&quot;sizes&quot;:[]},&quot;autoplay&quot;:&quot;yes&quot;,&quot;infinite&quot;:&quot;yes&quot;,&quot;speed&quot;:500}\" data-widget_type=\"image-carousel.default\">\n\t\t\t\t<div class=\"elementor-widget-container\">\n\t\t\t\t\t<div class=\"elementor-image-carousel-wrapper swiper-container\" dir=\"ltr\">\n\t\t\t<div class=\"elementor-image-carousel swiper-wrapper\">\n\t\t\t\t<div class=\"swiper-slide\"><a data-elementor-open-lightbox=\"yes\" data-elementor-lightbox-slideshow=\"59ef44b\" href=\"https:\/\/quangcaosdc.vn\/wp-content\/uploads\/2021\/04\/bang-doc-quyen-sang-che-1.jpg\"><figure class=\"swiper-slide-inner\"><img decoding=\"async\" class=\"swiper-slide-image\" src=\"https:\/\/quangcaosdc.vn\/wp-content\/uploads\/elementor\/thumbs\/bang-doc-quyen-sang-che-1-pui7i0amwmjqsvwawqqt611hlyi8y9ayts9du1ln28.jpg\" alt=\"\" \/><\/figure><\/a><\/div><div class=\"swiper-slide\"><a data-elementor-open-lightbox=\"yes\" data-elementor-lightbox-slideshow=\"59ef44b\" href=\"https:\/\/quangcaosdc.vn\/wp-content\/uploads\/2021\/04\/bang-doc-quyen-sang-che-Ke-trung-bay.jpg\"><figure class=\"swiper-slide-inner\"><img decoding=\"async\" class=\"swiper-slide-image\" src=\"https:\/\/quangcaosdc.vn\/wp-content\/uploads\/elementor\/thumbs\/bang-doc-quyen-sang-che-Ke-trung-bay-pui7i0amwmjqsvwawqqt611hlyi8y9ayts9du1ln28.jpg\" alt=\"\" \/><\/figure><\/a><\/div><div class=\"swiper-slide\"><a data-elementor-open-lightbox=\"yes\" data-elementor-lightbox-slideshow=\"59ef44b\" href=\"https:\/\/quangcaosdc.vn\/wp-content\/uploads\/2021\/04\/Bang-doc-quyen-sang-che-Tam-chieu-sang.jpg\"><figure class=\"swiper-slide-inner\"><img decoding=\"async\" class=\"swiper-slide-image\" src=\"https:\/\/quangcaosdc.vn\/wp-content\/uploads\/elementor\/thumbs\/Bang-doc-quyen-sang-che-Tam-chieu-sang-pui7hzcspsigh9xo28c6lja10kmvqk78hnlwcrn18g.jpg\" alt=\"\" \/><\/figure><\/a><\/div><div class=\"swiper-slide\"><a data-elementor-open-lightbox=\"yes\" data-elementor-lightbox-slideshow=\"59ef44b\" href=\"https:\/\/quangcaosdc.vn\/wp-content\/uploads\/2021\/04\/SDC-Hanger-2020.jpg\"><figure class=\"swiper-slide-inner\"><img decoding=\"async\" class=\"swiper-slide-image\" src=\"https:\/\/quangcaosdc.vn\/wp-content\/uploads\/elementor\/thumbs\/SDC-Hanger-2020-pui7i0amwmjqsvwawqqt611hlyi8y9ayts9du1ln28.jpg\" alt=\"\" \/><\/figure><\/a><\/div>\t\t\t<\/div>\n\t\t\t\t\t\t\t\t\t\t\t\t\t\t\t\t<div class=\"elementor-swiper-button elementor-swiper-button-prev\">\n\t\t\t\t\t\t<i class=\"eicon-chevron-left\" aria-hidden=\"true\"><\/i>\n\t\t\t\t\t\t<span class=\"elementor-screen-only\">Previous<\/span>\n\t\t\t\t\t<\/div>\n\t\t\t\t\t<div class=\"elementor-swiper-button elementor-swiper-button-next\">\n\t\t\t\t\t\t<i class=\"eicon-chevron-right\" aria-hidden=\"true\"><\/i>\n\t\t\t\t\t\t<span class=\"elementor-screen-only\">Next<\/span>\n\t\t\t\t\t<\/div>\n\t\t\t\t\t\t\t\t\t<\/div>\n\t\t\t\t<\/div>\n\t\t\t\t<\/div>\n\t\t\t\t\t\t<\/div>\n\t\t\t\t\t<\/div>\n\t\t<\/div>\n\t\t\t\t\t\t\t\t<\/div>\n\t\t\t\t\t<\/div>\n\t\t<\/section>\n\t\t\t\t\t\t<\/div>\n\t\t\t\t\t\t<\/div>\n\t\t\t\t\t<\/div>","protected":false},"excerpt":{"rendered":"<p>CH\u1ee8NG NH\u1eacN GI\u1ea2I TH\u01af\u1edeNG TH\u00c0NH T\u1ef0U C\u1ee6A SDC N\u0103ng l\u1ef1c t\u00e0i ch\u00ednh v\u1eefng m\u1ea1nh c\u00f9ng n\u1ec1n t\u1ea3ng m\u00e0 SDC s\u1eb5n c\u00f3 trong su\u1ed1t nh\u1eefng n\u0103m qua&#8230; \u0111\u00e3 t\u1ea1o \u0111\u01b0\u1ee3c ni\u1ec1m tin l\u1edbn t\u1eeb nh\u1eefng kh\u00e1ch h\u00e0ng c\u00f3 uy t\u00edn \u0111\u1ec3 th\u1ef1c hi\u1ec7n \u0111\u01b0\u1ee3c r\u1ea5t nhi\u1ec1u d\u1ef1 \u00e1n c\u00f3 qui m\u00f4 t\u1ea7m c\u1ee1 trong n\u01b0\u1edbc v\u00e0 [&hellip;]<\/p>","protected":false},"author":1,"featured_media":0,"parent":63,"menu_order":0,"comment_status":"closed","ping_status":"closed","template":"","meta":{"footnotes":""},"yst_prominent_words":[],"class_list":["post-1731","page","type-page","status-publish","hentry"],"_links":{"self":[{"href":"https:\/\/quangcaosdc.vn\/en\/wp-json\/wp\/v2\/pages\/1731","targetHints":{"allow":["GET"]}}],"collection":[{"href":"https:\/\/quangcaosdc.vn\/en\/wp-json\/wp\/v2\/pages"}],"about":[{"href":"https:\/\/quangcaosdc.vn\/en\/wp-json\/wp\/v2\/types\/page"}],"author":[{"embeddable":true,"href":"https:\/\/quangcaosdc.vn\/en\/wp-json\/wp\/v2\/users\/1"}],"replies":[{"embeddable":true,"href":"https:\/\/quangcaosdc.vn\/en\/wp-json\/wp\/v2\/comments?post=1731"}],"version-history":[{"count":183,"href":"https:\/\/quangcaosdc.vn\/en\/wp-json\/wp\/v2\/pages\/1731\/revisions"}],"predecessor-version":[{"id":7205,"href":"https:\/\/quangcaosdc.vn\/en\/wp-json\/wp\/v2\/pages\/1731\/revisions\/7205"}],"up":[{"embeddable":true,"href":"https:\/\/quangcaosdc.vn\/en\/wp-json\/wp\/v2\/pages\/63"}],"wp:attachment":[{"href":"https:\/\/quangcaosdc.vn\/en\/wp-json\/wp\/v2\/media?parent=1731"}],"wp:term":[{"taxonomy":"yst_prominent_words","embeddable":true,"href":"https:\/\/quangcaosdc.vn\/en\/wp-json\/wp\/v2\/yst_prominent_words?post=1731"}],"curies":[{"name":"wp","href":"https:\/\/api.w.org\/{rel}","templated":true}]}}