{"id":1664,"date":"2020-12-29T13:45:59","date_gmt":"2020-12-29T06:45:59","guid":{"rendered":"https:\/\/sdc.jaysoft.asia\/?page_id=1664"},"modified":"2021-04-24T19:40:43","modified_gmt":"2021-04-24T12:40:43","slug":"du-an-tieu-bieu-sdc","status":"publish","type":"page","link":"https:\/\/quangcaosdc.vn\/en\/sustainable-development\/typical-projects\/","title":{"rendered":"D\u1ef1 \u00e1n ti\u00eau bi\u1ec3u"},"content":{"rendered":"<div data-elementor-type=\"wp-page\" data-elementor-id=\"1664\" class=\"elementor elementor-1664\" data-elementor-settings=\"[]\">\n\t\t\t\t\t\t<div class=\"elementor-inner\">\n\t\t\t\t\t\t\t<div class=\"elementor-section-wrap\">\n\t\t\t\t\t\t\t<section class=\"elementor-section elementor-top-section elementor-element elementor-element-9412c5b elementor-section-boxed elementor-section-height-default elementor-section-height-default\" data-id=\"9412c5b\" data-element_type=\"section\" data-settings=\"{&quot;background_background&quot;:&quot;classic&quot;}\">\n\t\t\t\t\t\t<div class=\"elementor-container elementor-column-gap-default\">\n\t\t\t\t\t\t\t<div class=\"elementor-row\">\n\t\t\t\t\t<div class=\"elementor-column elementor-col-50 elementor-top-column elementor-element elementor-element-e8249dc\" data-id=\"e8249dc\" data-element_type=\"column\" data-settings=\"{&quot;background_background&quot;:&quot;classic&quot;}\">\n\t\t\t<div class=\"elementor-column-wrap elementor-element-populated\">\n\t\t\t\t\t\t\t<div class=\"elementor-widget-wrap\">\n\t\t\t\t\t\t<div class=\"elementor-element elementor-element-e87ba9b elementor-invisible elementor-widget elementor-widget-heading\" data-id=\"e87ba9b\" data-element_type=\"widget\" data-settings=\"{&quot;_animation&quot;:&quot;fadeInUp&quot;}\" data-widget_type=\"heading.default\">\n\t\t\t\t<div class=\"elementor-widget-container\">\n\t\t\t<h2 class=\"elementor-heading-title elementor-size-default\">SPACE CREATION'S<\/h2>\t\t<\/div>\n\t\t\t\t<\/div>\n\t\t\t\t<div class=\"elementor-element elementor-element-5f4288d elementor-widget elementor-widget-heading\" data-id=\"5f4288d\" data-element_type=\"widget\" data-widget_type=\"heading.default\">\n\t\t\t\t<div class=\"elementor-widget-container\">\n\t\t\t<h2 class=\"elementor-heading-title elementor-size-default\">INSPIRATION<\/h2>\t\t<\/div>\n\t\t\t\t<\/div>\n\t\t\t\t<div class=\"elementor-element elementor-element-64b247a elementor-widget elementor-widget-text-editor\" data-id=\"64b247a\" data-element_type=\"widget\" data-widget_type=\"text-editor.default\">\n\t\t\t\t<div class=\"elementor-widget-container\">\n\t\t\t\t\t\t\t\t<div class=\"elementor-text-editor elementor-clearfix\">\n\t\t\t\t\t<p>Son Decan Advertising service and Trading Production Co., Ltd., SDC's forerunner, was established in 1996, specializing in advertisement design and printing. For nearly 25 years of establishment and development, SDC  has  positioned  itself  as  a  leading  company  in  the  field  of  advertising  and  furniture  investment, production, exploitation and decoration.<\/p><p>\u00a0<\/p><p>\u00a0<\/p>\t\t\t\t\t<\/div>\n\t\t\t\t\t\t<\/div>\n\t\t\t\t<\/div>\n\t\t\t\t\t\t<\/div>\n\t\t\t\t\t<\/div>\n\t\t<\/div>\n\t\t\t\t<div class=\"elementor-column elementor-col-50 elementor-top-column elementor-element elementor-element-b843fd0\" data-id=\"b843fd0\" data-element_type=\"column\">\n\t\t\t<div class=\"elementor-column-wrap\">\n\t\t\t\t\t\t\t<div class=\"elementor-widget-wrap\">\n\t\t\t\t\t\t\t\t<\/div>\n\t\t\t\t\t<\/div>\n\t\t<\/div>\n\t\t\t\t\t\t\t\t<\/div>\n\t\t\t\t\t<\/div>\n\t\t<\/section>\n\t\t\t\t<section class=\"elementor-section elementor-top-section elementor-element elementor-element-bd86460 elementor-section-full_width elementor-section-height-default elementor-section-height-default\" data-id=\"bd86460\" data-element_type=\"section\">\n\t\t\t\t\t\t<div class=\"elementor-container elementor-column-gap-default\">\n\t\t\t\t\t\t\t<div class=\"elementor-row\">\n\t\t\t\t\t<div class=\"elementor-column elementor-col-100 elementor-top-column elementor-element elementor-element-64bd320\" data-id=\"64bd320\" data-element_type=\"column\">\n\t\t\t<div class=\"elementor-column-wrap elementor-element-populated\">\n\t\t\t\t\t\t\t<div class=\"elementor-widget-wrap\">\n\t\t\t\t\t\t<div class=\"elementor-element elementor-element-ce7ae26 elementor-widget elementor-widget-bdt-post-gallery\" data-id=\"ce7ae26\" data-element_type=\"widget\" data-settings=\"{&quot;columns&quot;:&quot;3&quot;,&quot;columns_tablet&quot;:&quot;2&quot;,&quot;columns_mobile&quot;:&quot;1&quot;}\" data-widget_type=\"bdt-post-gallery.bdt-trosia\">\n\t\t\t\t<div class=\"elementor-widget-container\">\n\t\t\t\t\t<div class=\"bdt-post-gallery-wrapper\" bdt-filter=\"target: #bdt-post-galleryce7ae26\" >\r\n\t\r\n\t\t\t\t<div id=\"bdt-post-gallery-ce7ae26\" class=\"bdt-ep-grid-filters-wrapper\" data-hash-settings=\"{&quot;id&quot;:&quot;bdt-post-gallery-ce7ae26&quot;}\">\r\n\r\n\t\t\t<button class=\"bdt-button bdt-button-default bdt-hidden@m\" type=\"button\">Filter<\/button>\r\n\r\n\t\t\t<div bdt-dropdown=\"mode: click;\" class=\"bdt-dropdown bdt-margin-remove-top bdt-margin-remove-bottom\">\r\n\t\t\t    <ul class=\"bdt-nav bdt-dropdown-nav\">\r\n\r\n\t\t\t\t\t<li class=\"bdt-active\" bdt-filter-control>All<\/li>\r\n\t\t\t\t\t\t\t\t\t\r\n\t\t\t\t\t\t\t\t\t\t\t<li class=\"\" bdt-filter-control=\"[data-filter*='cong-nghe%cc%a3-led-laser-cnc']\">\r\n\t\t\t\t\t\t\tLED - LASER - CNC technology\t\t\t\t\t\t<\/li>\r\n\t\t\t\t\t\t\t\t\t\t\t<li class=\"\" bdt-filter-control=\"[data-filter*='du-an-hanger']\">\r\n\t\t\t\t\t\t\tHanger\t\t\t\t\t\t<\/li>\r\n\t\t\t\t\t\t\t\t\t\t\t<li class=\"\" bdt-filter-control=\"[data-filter*='san-xuat-thi-cong-posm-trang-tri-quang-cao']\">\r\n\t\t\t\t\t\t\tManufacture of POSM, Advertising decoration\t\t\t\t\t\t<\/li>\r\n\t\t\t\t\t\t\t\t\t\t\t<li class=\"\" bdt-filter-control=\"[data-filter*='tu-van-thiet-ke-y-tuong-quang-cao']\">\r\n\t\t\t\t\t\t\tDesign consulting advertising ideas\t\t\t\t\t\t<\/li>\r\n\t\t\t\t\t\t\t\t\t\t\t<li class=\"\" bdt-filter-control=\"[data-filter*='dau-tu-khai-thac-trung-bay-qua%cc%89ng-cao']\">\r\n\t\t\t\t\t\t\tInvestment, Exploitation, Display Advertising\t\t\t\t\t\t<\/li>\r\n\t\t\t\t\t\t\t\t    \r\n\t\t\t    <\/ul>\r\n\t\t\t<\/div>\r\n\r\n\t\t\t<ul id=\"bdt-ep-grid-filtersce7ae26\" class=\"bdt-ep-grid-filters bdt-visible@m\" bdt-margin>\r\n\t\t\t\t<li class=\"bdt-ep-grid-filter bdt-active\" bdt-filter-control>\r\n\t\t\t\t\tAll\t\t\t\t<\/li>\r\n\r\n\t\t\t\t\t\t\t\t\t<li class=\"bdt-ep-grid-filter\" bdt-filter-control=\"[data-filter*='cong-nghe%cc%a3-led-laser-cnc']\">\r\n\t\t\t\t\t\tLED - LASER - CNC technology\t\t\t\t\t<\/li>\r\n\t\t\t\t\t\t\t\t\t<li class=\"bdt-ep-grid-filter\" bdt-filter-control=\"[data-filter*='du-an-hanger']\">\r\n\t\t\t\t\t\tHanger\t\t\t\t\t<\/li>\r\n\t\t\t\t\t\t\t\t\t<li class=\"bdt-ep-grid-filter\" bdt-filter-control=\"[data-filter*='san-xuat-thi-cong-posm-trang-tri-quang-cao']\">\r\n\t\t\t\t\t\tManufacture of POSM, Advertising decoration\t\t\t\t\t<\/li>\r\n\t\t\t\t\t\t\t\t\t<li class=\"bdt-ep-grid-filter\" bdt-filter-control=\"[data-filter*='tu-van-thiet-ke-y-tuong-quang-cao']\">\r\n\t\t\t\t\t\tDesign consulting advertising ideas\t\t\t\t\t<\/li>\r\n\t\t\t\t\t\t\t\t\t<li class=\"bdt-ep-grid-filter\" bdt-filter-control=\"[data-filter*='dau-tu-khai-thac-trung-bay-qua%cc%89ng-cao']\">\r\n\t\t\t\t\t\tInvestment, Exploitation, Display Advertising\t\t\t\t\t<\/li>\r\n\t\t\t\t\t\t\t<\/ul>\r\n\t\t<\/div>\r\n\t\t\t\t<div id=\"bdt-post-galleryce7ae26\" class=\"bdt-post-gallery bdt-ep-grid-filter-container bdt-post-gallery-skin-trosia bdt-grid bdt-grid-medium\" bdt-grid=\"\" bdt-scrollspy=\"cls: bdt-animation-fade; delay: 200; target: &gt; div &gt; .bdt-post-gallery-inner;\">\r\n\r\n\t\t\t\t<div class=\"bdt-gallery-item bdt-transition-toggle bdt-width-1-1 bdt-width-1-2@s bdt-width-1-3@m\" data-filter=\"san-xuat-thi-cong-posm-trang-tri-quang-cao\">\r\n\t\t\t<div class=\"bdt-post-gallery-inner\" >\r\n\t\t\t\t\t\t<div class=\"bdt-gallery-thumbnail\">\r\n\t\t\t<img decoding=\"async\" width=\"768\" height=\"576\" src=\"https:\/\/quangcaosdc.vn\/wp-content\/uploads\/2025\/11\/Go-Bakery-New-tai-Go-An-Lac-1-768x576.jpg\" class=\"attachment-medium_large size-medium_large\" alt=\"\" \/>\t\t<\/div>\r\n\t\t\t\t<div class=\"bdt-position-cover bdt-overlay bdt-overlay-default\">\r\n\t\t\t<div class=\"bdt-post-gallery-content\">\r\n\t\t\t\t<div class=\"bdt-gallery-content-inner bdt-transition-fade\">\r\n\t\t\t\t\t\t\t\t\t<\/div>\r\n\t\t\t<\/div>\r\n\t\t<\/div>\r\n\t\t\t\t\t\t<div class=\"bdt-post-gallery-desc bdt-text-left bdt-position-z-index bdt-position-bottom\">\r\n\t\t\t\t\t\t\t<a href=\"https:\/\/quangcaosdc.vn\/en\/project\/go-bakery-new-tai-go-an-lac\/\" >\r\n\t\t\t<h4 class=\"bdt-gallery-item-title bdt-margin-remove\">\r\n\t\t\t\tGO! BAKERY NEW t\u1ea1i GO! AN L\u1ea0C!\t\t\t<\/h4>\r\n\t\t<\/a>\r\n\t\t\t\t\t\t<\/div>\r\n\t\t\t\t<div class=\"bdt-position-top-left\">\r\n\t\t\t\t\t\t\t\t\t<\/div>\r\n\t\t\t<\/div>\r\n\t\t<\/div>\r\n\t\t\t\t<div class=\"bdt-gallery-item bdt-transition-toggle bdt-width-1-1 bdt-width-1-2@s bdt-width-1-3@m\" data-filter=\"san-xuat-thi-cong-posm-trang-tri-quang-cao\">\r\n\t\t\t<div class=\"bdt-post-gallery-inner\" >\r\n\t\t\t\t\t\t<div class=\"bdt-gallery-thumbnail\">\r\n\t\t\t<img decoding=\"async\" width=\"768\" height=\"502\" src=\"https:\/\/quangcaosdc.vn\/wp-content\/uploads\/2023\/10\/Dau-ke-trung-bay-san-pham-Quang-cao-sdc-2023-2_1-768x502.jpg\" class=\"attachment-medium_large size-medium_large\" alt=\"\" \/>\t\t<\/div>\r\n\t\t\t\t<div class=\"bdt-position-cover bdt-overlay bdt-overlay-default\">\r\n\t\t\t<div class=\"bdt-post-gallery-content\">\r\n\t\t\t\t<div class=\"bdt-gallery-content-inner bdt-transition-fade\">\r\n\t\t\t\t\t\t\t\t\t<\/div>\r\n\t\t\t<\/div>\r\n\t\t<\/div>\r\n\t\t\t\t\t\t<div class=\"bdt-post-gallery-desc bdt-text-left bdt-position-z-index bdt-position-bottom\">\r\n\t\t\t\t\t\t\t<a href=\"https:\/\/quangcaosdc.vn\/en\/project\/san-xuat-thi-cong-lap-dat-quay-ke-posm\/\" >\r\n\t\t\t<h4 class=\"bdt-gallery-item-title bdt-margin-remove\">\r\n\t\t\t\tS\u1ea3n xu\u1ea5t, thi c\u00f4ng l\u1eafp \u0111\u1eb7t qu\u1ea7y k\u1ec7 POSM\t\t\t<\/h4>\r\n\t\t<\/a>\r\n\t\t\t\t\t\t<\/div>\r\n\t\t\t\t<div class=\"bdt-position-top-left\">\r\n\t\t\t\t\t\t\t\t\t<\/div>\r\n\t\t\t<\/div>\r\n\t\t<\/div>\r\n\t\t\t\t<div class=\"bdt-gallery-item bdt-transition-toggle bdt-width-1-1 bdt-width-1-2@s bdt-width-1-3@m\" data-filter=\"cong-nghe%cc%a3-led-laser-cnc san-xuat-thi-cong-posm-trang-tri-quang-cao\">\r\n\t\t\t<div class=\"bdt-post-gallery-inner\" >\r\n\t\t\t\t\t\t<div class=\"bdt-gallery-thumbnail\">\r\n\t\t\t<img decoding=\"async\" width=\"768\" height=\"432\" src=\"https:\/\/quangcaosdc.vn\/wp-content\/uploads\/2023\/08\/quay-ke-posm-1-1-768x432.jpg\" class=\"attachment-medium_large size-medium_large\" alt=\"\" \/>\t\t<\/div>\r\n\t\t\t\t<div class=\"bdt-position-cover bdt-overlay bdt-overlay-default\">\r\n\t\t\t<div class=\"bdt-post-gallery-content\">\r\n\t\t\t\t<div class=\"bdt-gallery-content-inner bdt-transition-fade\">\r\n\t\t\t\t\t\t\t\t\t<\/div>\r\n\t\t\t<\/div>\r\n\t\t<\/div>\r\n\t\t\t\t\t\t<div class=\"bdt-post-gallery-desc bdt-text-left bdt-position-z-index bdt-position-bottom\">\r\n\t\t\t\t\t\t\t<a href=\"https:\/\/quangcaosdc.vn\/en\/project\/thi-cong-quang-cao-du-an-non-food-tai-go-an-lac\/\" >\r\n\t\t\t<h4 class=\"bdt-gallery-item-title bdt-margin-remove\">\r\n\t\t\t\tThi c\u00f4ng qu\u1ea3ng c\u00e1o d\u1ef1 \u00e1n Non Food T\u1ea1i Go! An L\u1ea1c\t\t\t<\/h4>\r\n\t\t<\/a>\r\n\t\t\t\t\t\t<\/div>\r\n\t\t\t\t<div class=\"bdt-position-top-left\">\r\n\t\t\t\t\t\t\t\t\t<\/div>\r\n\t\t\t<\/div>\r\n\t\t<\/div>\r\n\t\t\t\t<div class=\"bdt-gallery-item bdt-transition-toggle bdt-width-1-1 bdt-width-1-2@s bdt-width-1-3@m\" data-filter=\"san-xuat-thi-cong-posm-trang-tri-quang-cao\">\r\n\t\t\t<div class=\"bdt-post-gallery-inner\" >\r\n\t\t\t\t\t\t<div class=\"bdt-gallery-thumbnail\">\r\n\t\t\t<img decoding=\"async\" width=\"768\" height=\"1024\" src=\"https:\/\/quangcaosdc.vn\/wp-content\/uploads\/2022\/08\/Nova-super-market-1st_003-768x1024.jpg\" class=\"attachment-medium_large size-medium_large\" alt=\"\" \/>\t\t<\/div>\r\n\t\t\t\t<div class=\"bdt-position-cover bdt-overlay bdt-overlay-default\">\r\n\t\t\t<div class=\"bdt-post-gallery-content\">\r\n\t\t\t\t<div class=\"bdt-gallery-content-inner bdt-transition-fade\">\r\n\t\t\t\t\t\t\t\t\t<\/div>\r\n\t\t\t<\/div>\r\n\t\t<\/div>\r\n\t\t\t\t\t\t<div class=\"bdt-post-gallery-desc bdt-text-left bdt-position-z-index bdt-position-bottom\">\r\n\t\t\t\t\t\t\t<a href=\"https:\/\/quangcaosdc.vn\/en\/project\/san-xuat-va-thi-cong-lap-dat-quay-ke-posm\/\" >\r\n\t\t\t<h4 class=\"bdt-gallery-item-title bdt-margin-remove\">\r\n\t\t\t\tS\u1ea3n xu\u1ea5t v\u00e0 thi c\u00f4ng l\u1eafp \u0111\u1eb7t qu\u1ea7y k\u1ec7, POSM\t\t\t<\/h4>\r\n\t\t<\/a>\r\n\t\t\t\t\t\t<\/div>\r\n\t\t\t\t<div class=\"bdt-position-top-left\">\r\n\t\t\t\t\t\t\t\t\t<\/div>\r\n\t\t\t<\/div>\r\n\t\t<\/div>\r\n\t\t\t\t<div class=\"bdt-gallery-item bdt-transition-toggle bdt-width-1-1 bdt-width-1-2@s bdt-width-1-3@m\" data-filter=\"cong-nghe%cc%a3-led-laser-cnc san-xuat-thi-cong-posm-trang-tri-quang-cao tu-van-thiet-ke-y-tuong-quang-cao\">\r\n\t\t\t<div class=\"bdt-post-gallery-inner\" >\r\n\t\t\t\t\t\t<div class=\"bdt-gallery-thumbnail\">\r\n\t\t\t<img decoding=\"async\" width=\"768\" height=\"497\" src=\"https:\/\/quangcaosdc.vn\/wp-content\/uploads\/2022\/05\/featured-768x497.jpg\" class=\"attachment-medium_large size-medium_large\" alt=\"\" \/>\t\t<\/div>\r\n\t\t\t\t<div class=\"bdt-position-cover bdt-overlay bdt-overlay-default\">\r\n\t\t\t<div class=\"bdt-post-gallery-content\">\r\n\t\t\t\t<div class=\"bdt-gallery-content-inner bdt-transition-fade\">\r\n\t\t\t\t\t\t\t\t\t<\/div>\r\n\t\t\t<\/div>\r\n\t\t<\/div>\r\n\t\t\t\t\t\t<div class=\"bdt-post-gallery-desc bdt-text-left bdt-position-z-index bdt-position-bottom\">\r\n\t\t\t\t\t\t\t<a href=\"https:\/\/quangcaosdc.vn\/en\/project\/tu-van-thiet-ke-san-xuat-va-lap-dat-posm-g-care\/\" >\r\n\t\t\t<h4 class=\"bdt-gallery-item-title bdt-margin-remove\">\r\n\t\t\t\tT\u01b0 v\u1ea5n thi\u1ebft k\u1ebf, s\u1ea3n xu\u1ea5t v\u00e0 l\u1eafp \u0111\u1eb7t POSM G care\t\t\t<\/h4>\r\n\t\t<\/a>\r\n\t\t\t\t\t\t<\/div>\r\n\t\t\t\t<div class=\"bdt-position-top-left\">\r\n\t\t\t\t\t\t\t\t\t<\/div>\r\n\t\t\t<\/div>\r\n\t\t<\/div>\r\n\t\t\t\t<div class=\"bdt-gallery-item bdt-transition-toggle bdt-width-1-1 bdt-width-1-2@s bdt-width-1-3@m\" data-filter=\"cong-nghe%cc%a3-led-laser-cnc san-xuat-thi-cong-posm-trang-tri-quang-cao\">\r\n\t\t\t<div class=\"bdt-post-gallery-inner\" >\r\n\t\t\t\t\t\t<div class=\"bdt-gallery-thumbnail\">\r\n\t\t\t<img decoding=\"async\" width=\"768\" height=\"516\" src=\"https:\/\/quangcaosdc.vn\/wp-content\/uploads\/2022\/05\/275112203_1814518208737736_8023456779871992174_n-768x516.jpg\" class=\"attachment-medium_large size-medium_large\" alt=\"\" \/>\t\t<\/div>\r\n\t\t\t\t<div class=\"bdt-position-cover bdt-overlay bdt-overlay-default\">\r\n\t\t\t<div class=\"bdt-post-gallery-content\">\r\n\t\t\t\t<div class=\"bdt-gallery-content-inner bdt-transition-fade\">\r\n\t\t\t\t\t\t\t\t\t<\/div>\r\n\t\t\t<\/div>\r\n\t\t<\/div>\r\n\t\t\t\t\t\t<div class=\"bdt-post-gallery-desc bdt-text-left bdt-position-z-index bdt-position-bottom\">\r\n\t\t\t\t\t\t\t<a href=\"https:\/\/quangcaosdc.vn\/en\/project\/thiet-ke-san-xuat-va-thi-cong-lap-dat-quay-ke-go\/\" >\r\n\t\t\t<h4 class=\"bdt-gallery-item-title bdt-margin-remove\">\r\n\t\t\t\tThi\u1ebft k\u1ebf, s\u1ea3n xu\u1ea5t v\u00e0 thi c\u00f4ng l\u1eafp \u0111\u1eb7t qu\u1ea7y k\u1ec7 GO!\t\t\t<\/h4>\r\n\t\t<\/a>\r\n\t\t\t\t\t\t<\/div>\r\n\t\t\t\t<div class=\"bdt-position-top-left\">\r\n\t\t\t\t\t\t\t\t\t<\/div>\r\n\t\t\t<\/div>\r\n\t\t<\/div>\r\n\t\t\t\t<div class=\"bdt-gallery-item bdt-transition-toggle bdt-width-1-1 bdt-width-1-2@s bdt-width-1-3@m\" data-filter=\"cong-nghe%cc%a3-led-laser-cnc dau-tu-khai-thac-trung-bay-qua%cc%89ng-cao san-xuat-thi-cong-posm-trang-tri-quang-cao\">\r\n\t\t\t<div class=\"bdt-post-gallery-inner\" >\r\n\t\t\t\t\t\t<div class=\"bdt-gallery-thumbnail\">\r\n\t\t\t<img decoding=\"async\" width=\"768\" height=\"576\" src=\"https:\/\/quangcaosdc.vn\/wp-content\/uploads\/2022\/01\/Pitstop-Sabeco-BSG-2022-by-SDC-01-768x576.jpg\" class=\"attachment-medium_large size-medium_large\" alt=\"\" \/>\t\t<\/div>\r\n\t\t\t\t<div class=\"bdt-position-cover bdt-overlay bdt-overlay-default\">\r\n\t\t\t<div class=\"bdt-post-gallery-content\">\r\n\t\t\t\t<div class=\"bdt-gallery-content-inner bdt-transition-fade\">\r\n\t\t\t\t\t\t\t\t\t<\/div>\r\n\t\t\t<\/div>\r\n\t\t<\/div>\r\n\t\t\t\t\t\t<div class=\"bdt-post-gallery-desc bdt-text-left bdt-position-z-index bdt-position-bottom\">\r\n\t\t\t\t\t\t\t<a href=\"https:\/\/quangcaosdc.vn\/en\/project\/san-pham-pitstop-sabeco-bsg\/\" >\r\n\t\t\t<h4 class=\"bdt-gallery-item-title bdt-margin-remove\">\r\n\t\t\t\tOur product <br>Pitstop SABECO (BSG)\t\t\t<\/h4>\r\n\t\t<\/a>\r\n\t\t\t\t\t\t<\/div>\r\n\t\t\t\t<div class=\"bdt-position-top-left\">\r\n\t\t\t\t\t\t\t\t\t<\/div>\r\n\t\t\t<\/div>\r\n\t\t<\/div>\r\n\t\t\t\t<div class=\"bdt-gallery-item bdt-transition-toggle bdt-width-1-1 bdt-width-1-2@s bdt-width-1-3@m\" data-filter=\"san-xuat-thi-cong-posm-trang-tri-quang-cao\">\r\n\t\t\t<div class=\"bdt-post-gallery-inner\" >\r\n\t\t\t\t\t\t<div class=\"bdt-gallery-thumbnail\">\r\n\t\t\t<img decoding=\"async\" width=\"768\" height=\"460\" src=\"https:\/\/quangcaosdc.vn\/wp-content\/uploads\/2021\/04\/p0-768x460.jpg\" class=\"attachment-medium_large size-medium_large\" alt=\"\" \/>\t\t<\/div>\r\n\t\t\t\t<div class=\"bdt-position-cover bdt-overlay bdt-overlay-default\">\r\n\t\t\t<div class=\"bdt-post-gallery-content\">\r\n\t\t\t\t<div class=\"bdt-gallery-content-inner bdt-transition-fade\">\r\n\t\t\t\t\t\t\t\t\t<\/div>\r\n\t\t\t<\/div>\r\n\t\t<\/div>\r\n\t\t\t\t\t\t<div class=\"bdt-post-gallery-desc bdt-text-left bdt-position-z-index bdt-position-bottom\">\r\n\t\t\t\t\t\t\t<a href=\"https:\/\/quangcaosdc.vn\/en\/project\/du-anposm-quay-ke-den-led\/\" >\r\n\t\t\t<h4 class=\"bdt-gallery-item-title bdt-margin-remove\">\r\n\t\t\t\tA Project <br>LED light, POSM shelves\t\t\t<\/h4>\r\n\t\t<\/a>\r\n\t\t\t\t\t\t<\/div>\r\n\t\t\t\t<div class=\"bdt-position-top-left\">\r\n\t\t\t\t\t\t\t\t\t<\/div>\r\n\t\t\t<\/div>\r\n\t\t<\/div>\r\n\t\t\t\t<div class=\"bdt-gallery-item bdt-transition-toggle bdt-width-1-1 bdt-width-1-2@s bdt-width-1-3@m\" data-filter=\"du-an-hanger\">\r\n\t\t\t<div class=\"bdt-post-gallery-inner\" >\r\n\t\t\t\t\t\t<div class=\"bdt-gallery-thumbnail\">\r\n\t\t\t<img decoding=\"async\" width=\"768\" height=\"1024\" src=\"https:\/\/quangcaosdc.vn\/wp-content\/uploads\/2021\/03\/SO-21.jpg\" class=\"attachment-medium_large size-medium_large\" alt=\"\" \/>\t\t<\/div>\r\n\t\t\t\t<div class=\"bdt-position-cover bdt-overlay bdt-overlay-default\">\r\n\t\t\t<div class=\"bdt-post-gallery-content\">\r\n\t\t\t\t<div class=\"bdt-gallery-content-inner bdt-transition-fade\">\r\n\t\t\t\t\t\t\t\t\t<\/div>\r\n\t\t\t<\/div>\r\n\t\t<\/div>\r\n\t\t\t\t\t\t<div class=\"bdt-post-gallery-desc bdt-text-left bdt-position-z-index bdt-position-bottom\">\r\n\t\t\t\t\t\t\t<a href=\"https:\/\/quangcaosdc.vn\/en\/project\/du-an-hanger-dau-ke-coop-scj\/\" >\r\n\t\t\t<h4 class=\"bdt-gallery-item-title bdt-margin-remove\">\r\n\t\t\t\tHanger <br> \u0110\u1ea6U K\u1ec6 CO.OP- SCJ\t\t\t<\/h4>\r\n\t\t<\/a>\r\n\t\t\t\t\t\t<\/div>\r\n\t\t\t\t<div class=\"bdt-position-top-left\">\r\n\t\t\t\t\t\t\t\t\t<\/div>\r\n\t\t\t<\/div>\r\n\t\t<\/div>\r\n\t\t\r\n\t\t\t<\/div>\r\n\t\t<\/div>\r\n\t\t<ul class=\"bdt-pagination bdt-flex-center\">\n<li class=\"bdt-active\"><a href=\"https:\/\/quangcaosdc.vn\/en\/wp-json\/wp\/v2\/pages\/1664\/\">1<\/a><\/li>\n<li><a href=\"https:\/\/quangcaosdc.vn\/en\/wp-json\/wp\/v2\/pages\/1664\/page\/2\/\">2<\/a><\/li>\n<\/ul>\n\t\t<\/div>\n\t\t\t\t<\/div>\n\t\t\t\t\t\t<\/div>\n\t\t\t\t\t<\/div>\n\t\t<\/div>\n\t\t\t\t\t\t\t\t<\/div>\n\t\t\t\t\t<\/div>\n\t\t<\/section>\n\t\t\t\t\t\t<\/div>\n\t\t\t\t\t\t<\/div>\n\t\t\t\t\t<\/div>","protected":false},"excerpt":{"rendered":"<p>KI\u1ebeN T\u1ea0O KH\u00d4NG GIAN \u0110\u1ea6Y C\u1ea2M H\u1ee8NG Ti\u00ea\u0300n th\u00e2n cu\u0309a SDC l\u00e0 C\u00f4ng Ty TNHH SX- TM &amp; DV Qua\u0309ng C\u00e1o So\u031bn \u0110\u00ea\u0300 Can \u0111u\u031b\u01a1\u0323c th\u00e0nh l\u1ea1\u0302p t\u01b0\u0300 na\u0306m 1996 chuy\u00ean v\u00ea\u0300 thi\u00ea\u0301t k\u00ea\u0301 v\u00e0 in \u00e2\u0301n qua\u0309ng c\u00e1o. Tra\u0309i qua g\u00e2\u0300n 25 na\u0306m h\u00ecnh th\u00e0nh v\u00e0 ph\u00e1t tri\u00ea\u0309n, \u0111\u00ea\u0301n nay SDC \u0111\u00e3 tr\u01a1\u0309 th\u00e0nh [&hellip;]<\/p>","protected":false},"author":1,"featured_media":0,"parent":63,"menu_order":0,"comment_status":"closed","ping_status":"closed","template":"","meta":{"footnotes":""},"yst_prominent_words":[],"class_list":["post-1664","page","type-page","status-publish","hentry"],"_links":{"self":[{"href":"https:\/\/quangcaosdc.vn\/en\/wp-json\/wp\/v2\/pages\/1664","targetHints":{"allow":["GET"]}}],"collection":[{"href":"https:\/\/quangcaosdc.vn\/en\/wp-json\/wp\/v2\/pages"}],"about":[{"href":"https:\/\/quangcaosdc.vn\/en\/wp-json\/wp\/v2\/types\/page"}],"author":[{"embeddable":true,"href":"https:\/\/quangcaosdc.vn\/en\/wp-json\/wp\/v2\/users\/1"}],"replies":[{"embeddable":true,"href":"https:\/\/quangcaosdc.vn\/en\/wp-json\/wp\/v2\/comments?post=1664"}],"version-history":[{"count":246,"href":"https:\/\/quangcaosdc.vn\/en\/wp-json\/wp\/v2\/pages\/1664\/revisions"}],"predecessor-version":[{"id":6045,"href":"https:\/\/quangcaosdc.vn\/en\/wp-json\/wp\/v2\/pages\/1664\/revisions\/6045"}],"up":[{"embeddable":true,"href":"https:\/\/quangcaosdc.vn\/en\/wp-json\/wp\/v2\/pages\/63"}],"wp:attachment":[{"href":"https:\/\/quangcaosdc.vn\/en\/wp-json\/wp\/v2\/media?parent=1664"}],"wp:term":[{"taxonomy":"yst_prominent_words","embeddable":true,"href":"https:\/\/quangcaosdc.vn\/en\/wp-json\/wp\/v2\/yst_prominent_words?post=1664"}],"curies":[{"name":"wp","href":"https:\/\/api.w.org\/{rel}","templated":true}]}}